{"id":756,"date":"2025-12-30T09:17:00","date_gmt":"2025-12-30T09:17:00","guid":{"rendered":"https:\/\/custom.mistral-custom.fr\/?page_id=756"},"modified":"2025-12-30T09:22:07","modified_gmt":"2025-12-30T09:22:07","slug":"mentions-legales","status":"publish","type":"page","link":"https:\/\/custom.mistral-custom.fr\/index.php\/mentions-legales\/","title":{"rendered":"MENTIONS LEGALES"},"content":{"rendered":"\t\t<div data-elementor-type=\"wp-page\" data-elementor-id=\"756\" class=\"elementor elementor-756\" data-elementor-post-type=\"page\">\n\t\t\t\t\t\t<section class=\"elementor-section elementor-top-section elementor-element elementor-element-536e8a17 elementor-section-boxed elementor-section-height-default elementor-section-height-default\" data-id=\"536e8a17\" data-element_type=\"section\" data-e-type=\"section\">\n\t\t\t\t\t\t<div class=\"elementor-container elementor-column-gap-default\">\n\t\t\t\t\t<div class=\"elementor-column elementor-col-100 elementor-top-column elementor-element elementor-element-696447bf\" data-id=\"696447bf\" data-element_type=\"column\" data-e-type=\"column\">\n\t\t\t<div class=\"elementor-widget-wrap elementor-element-populated\">\n\t\t\t\t\t\t<div class=\"elementor-element elementor-element-532a1fe6 elementor-widget elementor-widget-text-editor\" data-id=\"532a1fe6\" data-element_type=\"widget\" data-e-type=\"widget\" data-widget_type=\"text-editor.default\">\n\t\t\t\t\t\t\t\t\t<h2 data-start=\"190\" data-end=\"211\">Mentions l\u00e9gales<\/h2><p data-start=\"212\" data-end=\"427\"><em data-start=\"212\" data-end=\"427\">(Conform\u00e9ment aux articles 6-III et 19 de la loi n\u00b0 2004-575 du 21 juin 2004 pour la confiance dans l\u2019\u00e9conomie num\u00e9rique, au RGPD (UE 2016\/679) et \u00e0 la loi \u00ab Informatique et Libert\u00e9s \u00bb du 6 janvier 1978 modifi\u00e9e.)<\/em><\/p><h3 data-start=\"429\" data-end=\"450\">\u00c9diteur du site<\/h3><ul data-start=\"451\" data-end=\"1057\"><li data-start=\"451\" data-end=\"491\"><p data-start=\"453\" data-end=\"491\"><strong data-start=\"453\" data-end=\"477\">D\u00e9nomination sociale<\/strong> : <strong data-start=\"480\" data-end=\"489\">SARME<\/strong><\/p><\/li><li data-start=\"492\" data-end=\"522\"><p data-start=\"494\" data-end=\"522\"><strong data-start=\"494\" data-end=\"513\">Forme juridique<\/strong> : SASU<\/p><\/li><li data-start=\"523\" data-end=\"577\"><p data-start=\"525\" data-end=\"577\"><strong data-start=\"525\" data-end=\"554\">Nom commercial \/ enseigne<\/strong> : <strong data-start=\"557\" data-end=\"575\">Mistral-Custom<\/strong><\/p><\/li><li data-start=\"657\" data-end=\"691\"><p data-start=\"659\" data-end=\"691\"><strong data-start=\"659\" data-end=\"672\">T\u00e9l\u00e9phone<\/strong> : 06 95 87 99 05<\/p><\/li><li data-start=\"692\" data-end=\"743\"><p data-start=\"694\" data-end=\"743\"><strong data-start=\"694\" data-end=\"715\">E-mail de contact<\/strong> : <a data-start=\"718\" data-end=\"741\" rel=\"noopener\">sales@mistral-custom.fr<span aria-hidden=\"true\"><svg width=\"20\" height=\"20\" viewbox=\"0 0 20 20\" fill=\"currentColor\" xmlns=\"http:\/\/www.w3.org\/2000\/svg\" data-rtl-flip=\"\"><path d=\"M14.3349 13.3301V6.60645L5.47065 15.4707C5.21095 15.7304 4.78895 15.7304 4.52925 15.4707C4.26955 15.211 4.26955 14.789 4.52925 14.5293L13.3935 5.66504H6.66011C6.29284 5.66504 5.99507 5.36727 5.99507 5C5.99507 4.63273 6.29284 4.33496 6.66011 4.33496H14.9999L15.1337 4.34863C15.4369 4.41057 15.665 4.67857 15.665 5V13.3301C15.6649 13.6973 15.3672 13.9951 14.9999 13.9951C14.6327 13.9951 14.335 13.6973 14.3349 13.3301Z\"><\/path><\/svg><\/span><\/a><\/p><\/li><li data-start=\"744\" data-end=\"798\"><p data-start=\"746\" data-end=\"798\"><strong data-start=\"746\" data-end=\"771\">Immatriculation RCS :<\/strong> 977 916 915 \u2013 RCS Toulon<\/p><\/li><li data-start=\"799\" data-end=\"848\"><p data-start=\"801\" data-end=\"848\"><strong data-start=\"801\" data-end=\"832\">N\u00b0 TVA intracommunautaire :<\/strong> FR16977916915<\/p><\/li><li data-start=\"849\" data-end=\"881\"><p data-start=\"851\" data-end=\"881\"><strong data-start=\"851\" data-end=\"871\">Capital social :<\/strong> 1 000 \u20ac<\/p><\/li><li data-start=\"882\" data-end=\"1057\"><p data-start=\"884\" data-end=\"1057\"><strong data-start=\"884\" data-end=\"932\">Directeur et responsable de la publication :<\/strong><br data-start=\"932\" data-end=\"935\" \/>Monsieur <strong data-start=\"946\" data-end=\"963\">Samy DERRADJI<\/strong>, en sa qualit\u00e9 de Pr\u00e9sident de SARME SASU<\/p><\/li><\/ul><hr data-start=\"1059\" data-end=\"1062\" \/><h3 data-start=\"1064\" data-end=\"1087\">H\u00e9bergeur du site<\/h3><ul data-start=\"1088\" data-end=\"1330\"><li data-start=\"1088\" data-end=\"1119\"><p data-start=\"1090\" data-end=\"1119\"><strong data-start=\"1090\" data-end=\"1105\">H\u00e9bergeur :<\/strong> <strong data-start=\"1106\" data-end=\"1117\">OVH SAS<\/strong><\/p><\/li><li data-start=\"1120\" data-end=\"1185\"><p data-start=\"1122\" data-end=\"1185\"><strong data-start=\"1122\" data-end=\"1140\">Si\u00e8ge social :<\/strong> 2, rue Kellermann \u2013 59100 Roubaix \u2013 France<\/p><\/li><li data-start=\"1186\" data-end=\"1278\"><p data-start=\"1188\" data-end=\"1278\"><strong data-start=\"1188\" data-end=\"1203\">T\u00e9l\u00e9phone :<\/strong> 1007 (service client OVH, appel gratuit depuis une ligne fixe en France)<\/p><\/li><li data-start=\"1279\" data-end=\"1330\"><p data-start=\"1281\" data-end=\"1330\"><strong data-start=\"1281\" data-end=\"1295\">Site web :<\/strong> <a data-start=\"1296\" data-end=\"1330\" rel=\"noopener\" target=\"_new\">www.ovh.com<span aria-hidden=\"true\"><svg width=\"20\" height=\"20\" viewbox=\"0 0 20 20\" fill=\"currentColor\" xmlns=\"http:\/\/www.w3.org\/2000\/svg\" data-rtl-flip=\"\"><path d=\"M14.3349 13.3301V6.60645L5.47065 15.4707C5.21095 15.7304 4.78895 15.7304 4.52925 15.4707C4.26955 15.211 4.26955 14.789 4.52925 14.5293L13.3935 5.66504H6.66011C6.29284 5.66504 5.99507 5.36727 5.99507 5C5.99507 4.63273 6.29284 4.33496 6.66011 4.33496H14.9999L15.1337 4.34863C15.4369 4.41057 15.665 4.67857 15.665 5V13.3301C15.6649 13.6973 15.3672 13.9951 14.9999 13.9951C14.6327 13.9951 14.335 13.6973 14.3349 13.3301Z\"><\/path><\/svg><\/span><\/a><\/p><\/li><\/ul><hr data-start=\"1332\" data-end=\"1335\" \/><h3 data-start=\"1337\" data-end=\"1367\">Propri\u00e9t\u00e9 intellectuelle<\/h3><p data-start=\"1368\" data-end=\"1755\">L\u2019ensemble du site <strong data-start=\"1387\" data-end=\"1405\">Mistral-Custom<\/strong>, de sa structure et de ses contenus (textes, visuels, logos, ic\u00f4nes, bases de donn\u00e9es, etc.) est prot\u00e9g\u00e9 par le droit d\u2019auteur et la propri\u00e9t\u00e9 intellectuelle.<br data-start=\"1564\" data-end=\"1567\" \/>Toute reproduction, repr\u00e9sentation, diffusion ou exploitation, totale ou partielle, sans autorisation \u00e9crite pr\u00e9alable de <strong data-start=\"1689\" data-end=\"1698\">SARME<\/strong>, est strictement interdite et susceptible de poursuites.<\/p><hr data-start=\"1757\" data-end=\"1760\" \/><h3 data-start=\"1762\" data-end=\"1788\">Donn\u00e9es personnelles<\/h3><p data-start=\"1789\" data-end=\"2596\">Les donn\u00e9es collect\u00e9es via le site <strong data-start=\"1824\" data-end=\"1849\"><a data-start=\"1826\" data-end=\"1847\" rel=\"noopener\" target=\"_new\" href=\"http:\/\/www.mistral-custom.fr\">www.mistral-custom.fr<span aria-hidden=\"true\"><svg width=\"20\" height=\"20\" viewbox=\"0 0 20 20\" fill=\"currentColor\" xmlns=\"http:\/\/www.w3.org\/2000\/svg\" data-rtl-flip=\"\"><path d=\"M14.3349 13.3301V6.60645L5.47065 15.4707C5.21095 15.7304 4.78895 15.7304 4.52925 15.4707C4.26955 15.211 4.26955 14.789 4.52925 14.5293L13.3935 5.66504H6.66011C6.29284 5.66504 5.99507 5.36727 5.99507 5C5.99507 4.63273 6.29284 4.33496 6.66011 4.33496H14.9999L15.1337 4.34863C15.4369 4.41057 15.665 4.67857 15.665 5V13.3301C15.6649 13.6973 15.3672 13.9951 14.9999 13.9951C14.6327 13.9951 14.335 13.6973 14.3349 13.3301Z\"><\/path><\/svg><\/span><\/a><\/strong> sont trait\u00e9es par <strong data-start=\"1868\" data-end=\"1894\">SARME (Mistral-Custom)<\/strong> en qualit\u00e9 de responsable de traitement, pour les besoins de la gestion des comptes clients, des commandes, du service apr\u00e8s-vente, ainsi que, le cas \u00e9ch\u00e9ant, pour l\u2019envoi d\u2019offres commerciales (avec consentement pr\u00e9alable).<br data-start=\"2119\" data-end=\"2122\" \/>Conform\u00e9ment au <strong data-start=\"2138\" data-end=\"2165\">R\u00e8glement (UE) 2016\/679<\/strong> (RGPD) et \u00e0 la loi \u00ab Informatique et Libert\u00e9s \u00bb, vous disposez d\u2019un droit d\u2019acc\u00e8s, de rectification, d\u2019effacement, de limitation et d\u2019opposition sur vos donn\u00e9es.<br data-start=\"2327\" data-end=\"2330\" \/>Ces droits peuvent \u00eatre exerc\u00e9s \u00e0 tout moment par courriel \u00e0 : <strong data-start=\"2393\" data-end=\"2420\"><a data-start=\"2395\" data-end=\"2418\" rel=\"noopener\">sales@mistral-custom.fr<span aria-hidden=\"true\"><svg width=\"20\" height=\"20\" viewbox=\"0 0 20 20\" fill=\"currentColor\" xmlns=\"http:\/\/www.w3.org\/2000\/svg\" data-rtl-flip=\"\"><path d=\"M14.3349 13.3301V6.60645L5.47065 15.4707C5.21095 15.7304 4.78895 15.7304 4.52925 15.4707C4.26955 15.211 4.26955 14.789 4.52925 14.5293L13.3935 5.66504H6.66011C6.29284 5.66504 5.99507 5.36727 5.99507 5C5.99507 4.63273 6.29284 4.33496 6.66011 4.33496H14.9999L15.1337 4.34863C15.4369 4.41057 15.665 4.67857 15.665 5V13.3301C15.6649 13.6973 15.3672 13.9951 14.9999 13.9951C14.6327 13.9951 14.335 13.6973 14.3349 13.3301Z\"><\/path><\/svg><\/span><\/a><\/strong>, ou par courrier postal.<br data-start=\"2508\" data-end=\"2511\" \/>Vous pouvez \u00e9galement introduire une r\u00e9clamation aupr\u00e8s de la <strong data-start=\"2573\" data-end=\"2595\">CNIL (<a data-start=\"2581\" data-end=\"2592\" rel=\"noopener\" target=\"_new\">www.cnil.fr<span aria-hidden=\"true\"><svg width=\"20\" height=\"20\" viewbox=\"0 0 20 20\" fill=\"currentColor\" xmlns=\"http:\/\/www.w3.org\/2000\/svg\" data-rtl-flip=\"\"><path d=\"M14.3349 13.3301V6.60645L5.47065 15.4707C5.21095 15.7304 4.78895 15.7304 4.52925 15.4707C4.26955 15.211 4.26955 14.789 4.52925 14.5293L13.3935 5.66504H6.66011C6.29284 5.66504 5.99507 5.36727 5.99507 5C5.99507 4.63273 6.29284 4.33496 6.66011 4.33496H14.9999L15.1337 4.34863C15.4369 4.41057 15.665 4.67857 15.665 5V13.3301C15.6649 13.6973 15.3672 13.9951 14.9999 13.9951C14.6327 13.9951 14.335 13.6973 14.3349 13.3301Z\"><\/path><\/svg><\/span><\/a>)<\/strong>.<\/p><hr data-start=\"2598\" data-end=\"2601\" \/><h3 data-start=\"2603\" data-end=\"2623\">Responsabilit\u00e9<\/h3><p data-start=\"2624\" data-end=\"2929\"><strong data-start=\"2624\" data-end=\"2650\">SARME (Mistral-Custom)<\/strong> met tout en \u0153uvre pour assurer la disponibilit\u00e9, la s\u00e9curit\u00e9 et la qualit\u00e9 des informations diffus\u00e9es sur son site, mais ne saurait \u00eatre tenue pour responsable d\u2019erreurs typographiques, d\u2019omissions, de dysfonctionnements techniques ou de l\u2019indisponibilit\u00e9 temporaire du service.<\/p><hr data-start=\"2931\" data-end=\"2934\" \/><h3 data-start=\"2936\" data-end=\"2958\">Droit applicable<\/h3><p><\/p><p data-start=\"2959\" data-end=\"3085\">Le site et son contenu sont soumis au <strong data-start=\"2997\" data-end=\"3015\">droit fran\u00e7ais<\/strong>.<br data-start=\"3016\" data-end=\"3019\" \/>En cas de litige, comp\u00e9tence exclusive des <strong data-start=\"3062\" data-end=\"3084\">tribunaux fran\u00e7ais<\/strong>.<\/p>\t\t\t\t\t\t\t\t<\/div>\n\t\t\t\t\t<\/div>\n\t\t<\/div>\n\t\t\t\t\t<\/div>\n\t\t<\/section>\n\t\t\t\t<\/div>\n\t\t","protected":false},"excerpt":{"rendered":"<p>Mentions l\u00e9gales (Conform\u00e9ment aux articles 6-III et 19 de la loi n\u00b0 2004-575 du 21 juin 2004 pour la confiance dans l\u2019\u00e9conomie num\u00e9rique, au RGPD (UE 2016\/679) et \u00e0 la loi \u00ab Informatique et Libert\u00e9s \u00bb du 6 janvier 1978 modifi\u00e9e.) \u00c9diteur du site D\u00e9nomination sociale : SARME Forme juridique : SASU Nom commercial \/ [&hellip;]<\/p>\n","protected":false},"author":1,"featured_media":0,"parent":0,"menu_order":0,"comment_status":"closed","ping_status":"closed","template":"","meta":{"footnotes":""},"class_list":["post-756","page","type-page","status-publish","hentry"],"_links":{"self":[{"href":"https:\/\/custom.mistral-custom.fr\/index.php\/wp-json\/wp\/v2\/pages\/756","targetHints":{"allow":["GET"]}}],"collection":[{"href":"https:\/\/custom.mistral-custom.fr\/index.php\/wp-json\/wp\/v2\/pages"}],"about":[{"href":"https:\/\/custom.mistral-custom.fr\/index.php\/wp-json\/wp\/v2\/types\/page"}],"author":[{"embeddable":true,"href":"https:\/\/custom.mistral-custom.fr\/index.php\/wp-json\/wp\/v2\/users\/1"}],"replies":[{"embeddable":true,"href":"https:\/\/custom.mistral-custom.fr\/index.php\/wp-json\/wp\/v2\/comments?post=756"}],"version-history":[{"count":4,"href":"https:\/\/custom.mistral-custom.fr\/index.php\/wp-json\/wp\/v2\/pages\/756\/revisions"}],"predecessor-version":[{"id":768,"href":"https:\/\/custom.mistral-custom.fr\/index.php\/wp-json\/wp\/v2\/pages\/756\/revisions\/768"}],"wp:attachment":[{"href":"https:\/\/custom.mistral-custom.fr\/index.php\/wp-json\/wp\/v2\/media?parent=756"}],"curies":[{"name":"wp","href":"https:\/\/api.w.org\/{rel}","templated":true}]}}