{"id":94,"date":"2025-12-29T09:01:14","date_gmt":"2025-12-29T09:01:14","guid":{"rendered":"https:\/\/custom.mistral-custom.fr\/index.php\/home\/"},"modified":"2025-12-30T14:44:34","modified_gmt":"2025-12-30T14:44:34","slug":"home","status":"publish","type":"page","link":"https:\/\/custom.mistral-custom.fr\/","title":{"rendered":"Home"},"content":{"rendered":"\t\t<div data-elementor-type=\"wp-page\" data-elementor-id=\"94\" class=\"elementor elementor-94\" data-elementor-post-type=\"page\">\n\t\t\t\t<div class=\"elementor-element elementor-element-a96628b e-con-full e-flex e-con e-parent\" data-id=\"a96628b\" data-element_type=\"container\" data-e-type=\"container\" data-settings=\"{&quot;background_background&quot;:&quot;video&quot;,&quot;background_video_link&quot;:&quot;https:\\\/\\\/youtube.com\\\/shorts\\\/qQhIkIKYr90&quot;,&quot;background_play_on_mobile&quot;:&quot;yes&quot;}\">\n\t\t<div class=\"elementor-background-video-container\">\n\t\t\t\t\t\t\t<div class=\"elementor-background-video-embed\" role=\"presentation\"><\/div>\n\t\t\t\t\t\t<\/div>\t\t<\/div>\n\t\t<div class=\"elementor-element elementor-element-dc026b2 elementor-hidden-tablet elementor-hidden-mobile e-flex e-con-boxed e-con e-parent\" data-id=\"dc026b2\" data-element_type=\"container\" data-e-type=\"container\" data-settings=\"{&quot;background_background&quot;:&quot;video&quot;,&quot;background_video_link&quot;:&quot;https:\\\/\\\/youtu.be\\\/I1TwnyZ0qRA&quot;,&quot;background_play_on_mobile&quot;:&quot;yes&quot;}\">\n\t\t\t\t\t<div class=\"e-con-inner\">\n\t\t<div class=\"elementor-background-video-container\">\n\t\t\t\t\t\t\t<div class=\"elementor-background-video-embed\" role=\"presentation\"><\/div>\n\t\t\t\t\t\t<\/div>\t\t<div class=\"elementor-element elementor-element-cc6b62a elementor-widget elementor-widget-spacer\" data-id=\"cc6b62a\" data-element_type=\"widget\" data-e-type=\"widget\" data-widget_type=\"spacer.default\">\n\t\t\t\t\t\t\t<div class=\"elementor-spacer\">\n\t\t\t<div class=\"elementor-spacer-inner\"><\/div>\n\t\t<\/div>\n\t\t\t\t\t\t<\/div>\n\t\t\t\t\t<\/div>\n\t\t\t\t<\/div>\n\t\t<div class=\"elementor-element elementor-element-12287cd e-flex e-con-boxed e-con e-parent\" data-id=\"12287cd\" data-element_type=\"container\" data-e-type=\"container\">\n\t\t\t\t\t<div class=\"e-con-inner\">\n\t\t\t\t<div class=\"elementor-element elementor-element-fd5b2f4 elementor-widget elementor-widget-spacer\" data-id=\"fd5b2f4\" data-element_type=\"widget\" data-e-type=\"widget\" data-widget_type=\"spacer.default\">\n\t\t\t\t\t\t\t<div class=\"elementor-spacer\">\n\t\t\t<div class=\"elementor-spacer-inner\"><\/div>\n\t\t<\/div>\n\t\t\t\t\t\t<\/div>\n\t\t\t\t<div class=\"elementor-element elementor-element-46d7e88 elementor-widget elementor-widget-heading\" data-id=\"46d7e88\" data-element_type=\"widget\" data-e-type=\"widget\" data-widget_type=\"heading.default\">\n\t\t\t\t\t<h2 class=\"elementor-heading-title elementor-size-default\">ARMES CUSTOMISABLES<\/h2>\t\t\t\t<\/div>\n\t\t<div class=\"elementor-element elementor-element-54d90c8 e-con-full e-flex e-con e-child\" data-id=\"54d90c8\" data-element_type=\"container\" data-e-type=\"container\">\n\t\t\t\t<div class=\"elementor-element elementor-element-2b4f07d elementor-widget elementor-widget-heading\" data-id=\"2b4f07d\" data-element_type=\"widget\" data-e-type=\"widget\" data-widget_type=\"heading.default\">\n\t\t\t\t\t<h2 class=\"elementor-heading-title elementor-size-default\">Chez Mistral Custom, chaque d\u00e9tail est personnalisable, sans autre limite que votre imagination.<\/h2>\t\t\t\t<\/div>\n\t\t\t\t<div class=\"elementor-element elementor-element-e3dcde1 elementor-widget elementor-widget-spacer\" data-id=\"e3dcde1\" data-element_type=\"widget\" data-e-type=\"widget\" data-widget_type=\"spacer.default\">\n\t\t\t\t\t\t\t<div class=\"elementor-spacer\">\n\t\t\t<div class=\"elementor-spacer-inner\"><\/div>\n\t\t<\/div>\n\t\t\t\t\t\t<\/div>\n\t\t\t\t<\/div>\n\t\t\t\t\t<\/div>\n\t\t\t\t<\/div>\n\t\t<div class=\"elementor-element elementor-element-a6b3b11 e-con-full e-flex e-con e-parent\" data-id=\"a6b3b11\" data-element_type=\"container\" data-e-type=\"container\">\n\t\t\t\t<div class=\"elementor-element elementor-element-9fe9e23 elementor-grid-3 elementor-product-loop-item--align-center elementor-grid-mobile-2 elementor-widget-mobile__width-inherit elementor-product-loop-item--align-center elementor-grid-tablet-3 elementor-products-grid elementor-wc-products elementor-show-pagination-border-yes elementor-widget elementor-widget-woocommerce-products\" data-id=\"9fe9e23\" data-element_type=\"widget\" data-e-type=\"widget\" data-widget_type=\"woocommerce-products.default\">\n\t\t\t\t<div class=\"elementor-widget-container\">\n\t\t\t\t\t<div class=\"woocommerce columns-3 \"><div class=\"woocommerce-notices-wrapper\"><\/div><ul class=\"products elementor-grid columns-3\">\n<li class=\"product type-product post-1055 status-publish first instock product_cat-non-classe has-post-thumbnail shipping-taxable purchasable product-type-simple\">\n\t<a href=\"https:\/\/custom.mistral-custom.fr\/index.php\/produit\/alien-laugo-arms\/\" class=\"woocommerce-LoopProduct-link woocommerce-loop-product__link\"><img fetchpriority=\"high\" decoding=\"async\" width=\"300\" height=\"300\" src=\"https:\/\/custom.mistral-custom.fr\/wp-content\/uploads\/2025\/12\/base1-1-300x300.png\" class=\"attachment-woocommerce_thumbnail size-woocommerce_thumbnail\" alt=\"Alien LAUGO ARMS\" srcset=\"https:\/\/custom.mistral-custom.fr\/wp-content\/uploads\/2025\/12\/base1-1-300x300.png 300w, https:\/\/custom.mistral-custom.fr\/wp-content\/uploads\/2025\/12\/base1-1-1024x1024.png 1024w, https:\/\/custom.mistral-custom.fr\/wp-content\/uploads\/2025\/12\/base1-1-150x150.png 150w, https:\/\/custom.mistral-custom.fr\/wp-content\/uploads\/2025\/12\/base1-1-768x768.png 768w, https:\/\/custom.mistral-custom.fr\/wp-content\/uploads\/2025\/12\/base1-1-1536x1536.png 1536w, https:\/\/custom.mistral-custom.fr\/wp-content\/uploads\/2025\/12\/base1-1-600x600.png 600w, https:\/\/custom.mistral-custom.fr\/wp-content\/uploads\/2025\/12\/base1-1-100x100.png 100w, https:\/\/custom.mistral-custom.fr\/wp-content\/uploads\/2025\/12\/base1-1.png 1800w\" sizes=\"(max-width: 300px) 100vw, 300px\" \/><h2 class=\"woocommerce-loop-product__title\">Alien LAUGO ARMS<\/h2>\n\t<span class=\"price\"><span class=\"woocommerce-Price-amount amount\"><bdi>1 990,00&nbsp;<span class=\"woocommerce-Price-currencySymbol\">&euro;<\/span><\/bdi><\/span><\/span>\n<\/a><a href=\"https:\/\/custom.mistral-custom.fr\/index.php\/produit\/alien-laugo-arms\/\" aria-describedby=\"woocommerce_loop_add_to_cart_link_describedby_1055\" data-quantity=\"1\" class=\"button product_type_simple add_to_cart_button\" data-product_id=\"1055\" data-product_sku=\"\" aria-label=\"Ajouter au panier\u00a0: &ldquo;Alien LAUGO ARMS&rdquo;\" rel=\"nofollow\" data-success_message=\"\u00ab\u00a0Alien LAUGO ARMS\u00a0\u00bb a \u00e9t\u00e9 ajout\u00e9 \u00e0 votre panier\">Choix des options<\/a>\t<span id=\"woocommerce_loop_add_to_cart_link_describedby_1055\" class=\"screen-reader-text\">\n\t\t\t<\/span>\n<\/li>\n<li class=\"product type-product post-1028 status-publish instock product_cat-non-classe has-post-thumbnail shipping-taxable purchasable product-type-simple\">\n\t<a href=\"https:\/\/custom.mistral-custom.fr\/index.php\/produit\/revo-arms-ar9-noir-competition\/\" class=\"woocommerce-LoopProduct-link woocommerce-loop-product__link\"><img decoding=\"async\" width=\"300\" height=\"300\" src=\"https:\/\/custom.mistral-custom.fr\/wp-content\/uploads\/2026\/01\/droite_12pouces-300x300.png\" class=\"attachment-woocommerce_thumbnail size-woocommerce_thumbnail\" alt=\"REVO ARMS AR9 NOIR COMPETITION\" srcset=\"https:\/\/custom.mistral-custom.fr\/wp-content\/uploads\/2026\/01\/droite_12pouces-300x300.png 300w, https:\/\/custom.mistral-custom.fr\/wp-content\/uploads\/2026\/01\/droite_12pouces-150x150.png 150w, https:\/\/custom.mistral-custom.fr\/wp-content\/uploads\/2026\/01\/droite_12pouces-100x100.png 100w\" sizes=\"(max-width: 300px) 100vw, 300px\" \/><h2 class=\"woocommerce-loop-product__title\">REVO ARMS AR9 NOIR COMPETITION<\/h2>\n\t<span class=\"price\"><span class=\"woocommerce-Price-amount amount\"><bdi>2 189,00&nbsp;<span class=\"woocommerce-Price-currencySymbol\">&euro;<\/span><\/bdi><\/span><\/span>\n<\/a><a href=\"https:\/\/custom.mistral-custom.fr\/index.php\/produit\/revo-arms-ar9-noir-competition\/\" aria-describedby=\"woocommerce_loop_add_to_cart_link_describedby_1028\" data-quantity=\"1\" class=\"button product_type_simple add_to_cart_button\" data-product_id=\"1028\" data-product_sku=\"\" aria-label=\"Ajouter au panier\u00a0: &ldquo;REVO ARMS AR9 NOIR COMPETITION&rdquo;\" rel=\"nofollow\" data-success_message=\"\u00ab\u00a0REVO ARMS AR9 NOIR COMPETITION\u00a0\u00bb a \u00e9t\u00e9 ajout\u00e9 \u00e0 votre panier\">Choix des options<\/a>\t<span id=\"woocommerce_loop_add_to_cart_link_describedby_1028\" class=\"screen-reader-text\">\n\t\t\t<\/span>\n<\/li>\n<li class=\"product type-product post-1015 status-publish last instock product_cat-non-classe has-post-thumbnail shipping-taxable purchasable product-type-simple\">\n\t<a href=\"https:\/\/custom.mistral-custom.fr\/index.php\/produit\/revo-arms-ar9-rouge-competition\/\" class=\"woocommerce-LoopProduct-link woocommerce-loop-product__link\"><img decoding=\"async\" width=\"300\" height=\"300\" src=\"https:\/\/custom.mistral-custom.fr\/wp-content\/uploads\/2026\/01\/16pouces_petit-300x300.png\" class=\"attachment-woocommerce_thumbnail size-woocommerce_thumbnail\" alt=\"REVO ARMS AR9 ROUGE COMPETITION\" srcset=\"https:\/\/custom.mistral-custom.fr\/wp-content\/uploads\/2026\/01\/16pouces_petit-300x300.png 300w, https:\/\/custom.mistral-custom.fr\/wp-content\/uploads\/2026\/01\/16pouces_petit-150x150.png 150w, https:\/\/custom.mistral-custom.fr\/wp-content\/uploads\/2026\/01\/16pouces_petit-100x100.png 100w\" sizes=\"(max-width: 300px) 100vw, 300px\" \/><h2 class=\"woocommerce-loop-product__title\">REVO ARMS AR9 ROUGE COMPETITION<\/h2>\n\t<span class=\"price\"><span class=\"woocommerce-Price-amount amount\"><bdi>2 189,00&nbsp;<span class=\"woocommerce-Price-currencySymbol\">&euro;<\/span><\/bdi><\/span><\/span>\n<\/a><a href=\"https:\/\/custom.mistral-custom.fr\/index.php\/produit\/revo-arms-ar9-rouge-competition\/\" aria-describedby=\"woocommerce_loop_add_to_cart_link_describedby_1015\" data-quantity=\"1\" class=\"button product_type_simple add_to_cart_button\" data-product_id=\"1015\" data-product_sku=\"\" aria-label=\"Ajouter au panier\u00a0: &ldquo;REVO ARMS AR9 ROUGE COMPETITION&rdquo;\" rel=\"nofollow\" data-success_message=\"\u00ab\u00a0REVO ARMS AR9 ROUGE COMPETITION\u00a0\u00bb a \u00e9t\u00e9 ajout\u00e9 \u00e0 votre panier\">Choix des options<\/a>\t<span id=\"woocommerce_loop_add_to_cart_link_describedby_1015\" class=\"screen-reader-text\">\n\t\t\t<\/span>\n<\/li>\n<\/ul>\n<nav class=\"woocommerce-pagination\" aria-label=\"Pagination des produits\">\n\t<ul class='page-numbers'>\n\t<li><span aria-label=\"Page 1\" aria-current=\"page\" class=\"page-numbers current\">1<\/span><\/li>\n\t<li><a aria-label=\"Page 2\" class=\"page-numbers\" href=\"\/index.php\/wp-json\/wp\/v2\/pages\/94?product-page=2\">2<\/a><\/li>\n\t<li><a class=\"next page-numbers\" href=\"\/index.php\/wp-json\/wp\/v2\/pages\/94?product-page=2\">&rarr;<\/a><\/li>\n<\/ul>\n<\/nav>\n<\/div>\t\t\t\t<\/div>\n\t\t\t\t<\/div>\n\t\t\t\t<div class=\"elementor-element elementor-element-299d4c7 elementor-widget elementor-widget-spacer\" data-id=\"299d4c7\" data-element_type=\"widget\" data-e-type=\"widget\" data-widget_type=\"spacer.default\">\n\t\t\t\t\t\t\t<div class=\"elementor-spacer\">\n\t\t\t<div class=\"elementor-spacer-inner\"><\/div>\n\t\t<\/div>\n\t\t\t\t\t\t<\/div>\n\t\t\t\t<\/div>\n\t\t\t\t<section class=\"elementor-section elementor-top-section elementor-element elementor-element-734011a6 elementor-section-content-middle elementor-section-full_width elementor-section-height-default elementor-section-height-default\" data-id=\"734011a6\" data-element_type=\"section\" data-e-type=\"section\" data-settings=\"{&quot;background_background&quot;:&quot;classic&quot;}\">\n\t\t\t\t\t\t<div class=\"elementor-container elementor-column-gap-no\">\n\t\t\t\t\t<div class=\"elementor-column elementor-col-50 elementor-top-column elementor-element elementor-element-56547924\" data-id=\"56547924\" data-element_type=\"column\" data-e-type=\"column\">\n\t\t\t<div class=\"elementor-widget-wrap elementor-element-populated\">\n\t\t\t\t\t\t<div class=\"elementor-element elementor-element-2b3ee20e elementor-widget elementor-widget-image\" data-id=\"2b3ee20e\" data-element_type=\"widget\" data-e-type=\"widget\" data-widget_type=\"image.default\">\n\t\t\t\t\t\t\t\t\t\t\t\t\t\t\t<img loading=\"lazy\" decoding=\"async\" width=\"1536\" height=\"1920\" src=\"https:\/\/custom.mistral-custom.fr\/wp-content\/uploads\/2025\/12\/488569969_1060994239394060_2514011919997127409_n.webp\" class=\"attachment-full size-full wp-image-575\" alt=\"\" srcset=\"https:\/\/custom.mistral-custom.fr\/wp-content\/uploads\/2025\/12\/488569969_1060994239394060_2514011919997127409_n.webp 1536w, https:\/\/custom.mistral-custom.fr\/wp-content\/uploads\/2025\/12\/488569969_1060994239394060_2514011919997127409_n-240x300.jpg 240w, https:\/\/custom.mistral-custom.fr\/wp-content\/uploads\/2025\/12\/488569969_1060994239394060_2514011919997127409_n-819x1024.jpg 819w, https:\/\/custom.mistral-custom.fr\/wp-content\/uploads\/2025\/12\/488569969_1060994239394060_2514011919997127409_n-768x960.jpg 768w, https:\/\/custom.mistral-custom.fr\/wp-content\/uploads\/2025\/12\/488569969_1060994239394060_2514011919997127409_n-1229x1536.jpg 1229w, https:\/\/custom.mistral-custom.fr\/wp-content\/uploads\/2025\/12\/488569969_1060994239394060_2514011919997127409_n-600x750.jpg 600w\" sizes=\"(max-width: 1536px) 100vw, 1536px\" \/>\t\t\t\t\t\t\t\t\t\t\t\t\t\t\t<\/div>\n\t\t\t\t\t<\/div>\n\t\t<\/div>\n\t\t\t\t<div class=\"elementor-column elementor-col-50 elementor-top-column elementor-element elementor-element-2bd8d0d2\" data-id=\"2bd8d0d2\" data-element_type=\"column\" data-e-type=\"column\">\n\t\t\t<div class=\"elementor-widget-wrap elementor-element-populated\">\n\t\t\t\t\t\t<div class=\"elementor-element elementor-element-5288b652 elementor-widget elementor-widget-heading\" data-id=\"5288b652\" data-element_type=\"widget\" data-e-type=\"widget\" data-widget_type=\"heading.default\">\n\t\t\t\t\t<h4 class=\"elementor-heading-title elementor-size-default\">A propos de MISTRAL-CUSTOM<\/h4>\t\t\t\t<\/div>\n\t\t\t\t<div class=\"elementor-element elementor-element-1b203813 elementor-widget elementor-widget-text-editor\" data-id=\"1b203813\" data-element_type=\"widget\" data-e-type=\"widget\" data-widget_type=\"text-editor.default\">\n\t\t\t\t\t\t\t\t\t<p data-start=\"195\" data-end=\"541\" style=\"text-align: left;\">MISTRAL-CUSTOM est n\u00e9e de la rencontre de <strong data-start=\"237\" data-end=\"266\">deux armuriers passionn\u00e9s<\/strong>, lass\u00e9s de voir toujours les m\u00eames armes derri\u00e8re les vitrines des armureries fran\u00e7aises.<br data-start=\"356\" data-end=\"359\" \/>Anim\u00e9s par l\u2019envie de <strong data-start=\"381\" data-end=\"421\">d\u00e9poussi\u00e9rer le monde de l\u2019armurerie<\/strong>, nous avons voulu cr\u00e9er une atmosph\u00e8re diff\u00e9rente: un espace o\u00f9 la passion, la s\u00e9lection et l\u2019exigence guident chaque choix.<\/p><p data-start=\"543\" data-end=\"825\">Notre ambition : offrir <strong data-start=\"567\" data-end=\"592\">les plus belles armes<\/strong>, des mod\u00e8les rares, exclusifs, et choisis pour leur qualit\u00e9 autant que pour leur \u00e2me.<br data-start=\"678\" data-end=\"681\" \/>Mais aussi proposer <strong data-start=\"701\" data-end=\"726\">des armes accessibles<\/strong>, que l\u2019on ne trouve pas partout, celles qui surprennent, inspirent et redonnent envie de tirer.<\/p><p data-start=\"827\" data-end=\"1105\">Chez MISTRAL-CUSTOM, rien n\u2019est laiss\u00e9 au hasard. Chaque produit que nous pr\u00e9sentons a \u00e9t\u00e9 <strong data-start=\"918\" data-end=\"943\">s\u00e9lectionn\u00e9 avec soin<\/strong>, test\u00e9, et approuv\u00e9 par des tireurs passionn\u00e9s.<br data-start=\"991\" data-end=\"994\" \/>Notre boutique en ligne n\u2019en montre qu\u2019un aper\u00e7u : les arrivages sont r\u00e9guliers, les d\u00e9couvertes permanentes.<\/p><p><\/p><p data-start=\"1107\" data-end=\"1268\">Nous vous invitons \u00e0 <strong data-start=\"1128\" data-end=\"1158\">plonger dans notre univers<\/strong>, \u00e0 red\u00e9couvrir le tir sportif \u00e0 travers une approche plus moderne, plus esth\u00e9tique et profond\u00e9ment sinc\u00e8re.<\/p>\t\t\t\t\t\t\t\t<\/div>\n\t\t\t\t\t<\/div>\n\t\t<\/div>\n\t\t\t\t\t<\/div>\n\t\t<\/section>\n\t\t\t\t<\/div>\n\t\t","protected":false},"excerpt":{"rendered":"<p>ARMES CUSTOMISABLES Chez Mistral Custom, chaque d\u00e9tail est personnalisable, sans autre limite que votre imagination. A propos de MISTRAL-CUSTOM MISTRAL-CUSTOM est n\u00e9e de la rencontre de deux armuriers passionn\u00e9s, lass\u00e9s de voir toujours les m\u00eames armes derri\u00e8re les vitrines des armureries fran\u00e7aises.Anim\u00e9s par l\u2019envie de d\u00e9poussi\u00e9rer le monde de l\u2019armurerie, nous avons voulu cr\u00e9er une [&hellip;]<\/p>\n","protected":false},"author":1,"featured_media":0,"parent":0,"menu_order":0,"comment_status":"closed","ping_status":"closed","template":"","meta":{"footnotes":""},"class_list":["post-94","page","type-page","status-publish","hentry"],"_links":{"self":[{"href":"https:\/\/custom.mistral-custom.fr\/index.php\/wp-json\/wp\/v2\/pages\/94","targetHints":{"allow":["GET"]}}],"collection":[{"href":"https:\/\/custom.mistral-custom.fr\/index.php\/wp-json\/wp\/v2\/pages"}],"about":[{"href":"https:\/\/custom.mistral-custom.fr\/index.php\/wp-json\/wp\/v2\/types\/page"}],"author":[{"embeddable":true,"href":"https:\/\/custom.mistral-custom.fr\/index.php\/wp-json\/wp\/v2\/users\/1"}],"replies":[{"embeddable":true,"href":"https:\/\/custom.mistral-custom.fr\/index.php\/wp-json\/wp\/v2\/comments?post=94"}],"version-history":[{"count":361,"href":"https:\/\/custom.mistral-custom.fr\/index.php\/wp-json\/wp\/v2\/pages\/94\/revisions"}],"predecessor-version":[{"id":970,"href":"https:\/\/custom.mistral-custom.fr\/index.php\/wp-json\/wp\/v2\/pages\/94\/revisions\/970"}],"wp:attachment":[{"href":"https:\/\/custom.mistral-custom.fr\/index.php\/wp-json\/wp\/v2\/media?parent=94"}],"curies":[{"name":"wp","href":"https:\/\/api.w.org\/{rel}","templated":true}]}}